{"id":14,"date":"2024-09-23T21:02:44","date_gmt":"2024-09-23T21:02:44","guid":{"rendered":"https:\/\/projetosgabrielmv.com\/ecommerce\/my-account\/"},"modified":"2024-11-18T11:30:57","modified_gmt":"2024-11-18T11:30:57","slug":"my-account","status":"publish","type":"page","link":"https:\/\/projetosgabrielmv.com\/ecommerce\/my-account\/","title":{"rendered":"My account"},"content":{"rendered":"\t\t<div data-elementor-type=\"wp-page\" data-elementor-id=\"14\" class=\"elementor elementor-14\" data-elementor-post-type=\"page\">\n\t\t\t\t<div class=\"elementor-element elementor-element-4367d93 e-flex e-con-boxed e-con e-parent\" data-id=\"4367d93\" data-element_type=\"container\">\n\t\t\t\t\t<div class=\"e-con-inner\">\n\t\t\t\t<div class=\"elementor-element elementor-element-13921f5 e-my-account-tabs-vertical elementor-widget elementor-widget-woocommerce-my-account\" data-id=\"13921f5\" data-element_type=\"widget\" data-widget_type=\"woocommerce-my-account.default\">\n\t\t\t\t<div class=\"elementor-widget-container\">\n\t\t\t<div class=\"e-my-account-tab e-my-account-tab__ \">\t\t\t<div class=\"woocommerce\"><\/div>\t\t<\/div>\n\t\t\t\t<\/div>\n\t\t\t\t<\/div>\n\t\t\t\t\t<\/div>\n\t\t\t\t<\/div>\n\t\t\t\t<\/div>\n\t\t","protected":false},"excerpt":{"rendered":"<p>Painel de Controle Pedidos Downloads Endere\u00e7os Detalhes da conta Sair Ol\u00e1, gabriel (n\u00e3o \u00e9 gabriel? Sair) A partir do painel de controle de sua conta, voc\u00ea pode ver suas compras recentes, gerenciar seus endere\u00e7os de entrega e faturamento, e editar sua senha e detalhes da conta.<\/p>\n","protected":false},"author":1,"featured_media":0,"parent":0,"menu_order":0,"comment_status":"closed","ping_status":"closed","template":"","meta":{"footnotes":""},"class_list":["post-14","page","type-page","status-publish","hentry"],"_links":{"self":[{"href":"https:\/\/projetosgabrielmv.com\/ecommerce\/wp-json\/wp\/v2\/pages\/14"}],"collection":[{"href":"https:\/\/projetosgabrielmv.com\/ecommerce\/wp-json\/wp\/v2\/pages"}],"about":[{"href":"https:\/\/projetosgabrielmv.com\/ecommerce\/wp-json\/wp\/v2\/types\/page"}],"author":[{"embeddable":true,"href":"https:\/\/projetosgabrielmv.com\/ecommerce\/wp-json\/wp\/v2\/users\/1"}],"replies":[{"embeddable":true,"href":"https:\/\/projetosgabrielmv.com\/ecommerce\/wp-json\/wp\/v2\/comments?post=14"}],"version-history":[{"count":120,"href":"https:\/\/projetosgabrielmv.com\/ecommerce\/wp-json\/wp\/v2\/pages\/14\/revisions"}],"predecessor-version":[{"id":2216,"href":"https:\/\/projetosgabrielmv.com\/ecommerce\/wp-json\/wp\/v2\/pages\/14\/revisions\/2216"}],"wp:attachment":[{"href":"https:\/\/projetosgabrielmv.com\/ecommerce\/wp-json\/wp\/v2\/media?parent=14"}],"curies":[{"name":"wp","href":"https:\/\/api.w.org\/{rel}","templated":true}]}}